{"id":3,"date":"2023-11-28T08:21:32","date_gmt":"2023-11-28T08:21:32","guid":{"rendered":"https:\/\/sarahkriemler.design\/?page_id=3"},"modified":"2024-05-02T13:51:12","modified_gmt":"2024-05-02T13:51:12","slug":"privacy-policy","status":"publish","type":"page","link":"https:\/\/sarahkriemler.design\/index.php\/privacy-policy\/","title":{"rendered":"Privacy Policy"},"content":{"rendered":"\t\t<div data-elementor-type=\"wp-page\" data-elementor-id=\"3\" class=\"elementor elementor-3\" data-elementor-post-type=\"page\">\n\t\t\t\t<div class=\"elementor-element elementor-element-b36b455 e-flex e-con-boxed e-con e-parent\" data-id=\"b36b455\" data-element_type=\"container\">\n\t\t\t\t\t<div class=\"e-con-inner\">\n\t\t<div class=\"elementor-element elementor-element-e3e88c9 e-flex e-con-boxed e-con e-child\" data-id=\"e3e88c9\" data-element_type=\"container\">\n\t\t\t\t\t<div class=\"e-con-inner\">\n\t\t\t\t<div class=\"elementor-element elementor-element-4d5d374 elementor-widget elementor-widget-heading\" data-id=\"4d5d374\" data-element_type=\"widget\" data-widget_type=\"heading.default\">\n\t\t\t\t<div class=\"elementor-widget-container\">\n\t\t\t\t\t<h2 class=\"elementor-heading-title elementor-size-default\">Datenschutz<\/h2>\t\t\t\t<\/div>\n\t\t\t\t<\/div>\n\t\t\t\t\t<\/div>\n\t\t\t\t<\/div>\n\t\t\t\t\t<\/div>\n\t\t\t\t<\/div>\n\t\t<div class=\"elementor-element elementor-element-68aca9e e-flex e-con-boxed e-con e-parent\" data-id=\"68aca9e\" data-element_type=\"container\" data-settings=\"{&quot;background_background&quot;:&quot;classic&quot;}\">\n\t\t\t\t\t<div class=\"e-con-inner\">\n\t\t<div class=\"elementor-element elementor-element-3c087e4 e-flex e-con-boxed e-con e-child\" data-id=\"3c087e4\" data-element_type=\"container\" data-settings=\"{&quot;background_background&quot;:&quot;classic&quot;}\">\n\t\t\t\t\t<div class=\"e-con-inner\">\n\t\t\t\t<div class=\"elementor-element elementor-element-5dc5782 elementor-widget elementor-widget-text-editor\" data-id=\"5dc5782\" data-element_type=\"widget\" data-widget_type=\"text-editor.default\">\n\t\t\t\t<div class=\"elementor-widget-container\">\n\t\t\t\t\t\t\t\t\t<p><\/p>\n<h2 class=\"wp-block-heading\">Haftungsausschluss und Rechtshinweis<\/h2>\n<p><\/p>\n<p>Die f\u00fcr die Internetseite verantwortliche Person \u00fcbernimmt keinerlei Gew\u00e4hr f\u00fcr die bereitgestellten Informationen. Haftungsanspr\u00fcche gegen die f\u00fcr die Internetseite verantwortliche Person sind grunds\u00e4tzlich ausgeschlossen. Alle Angebote sind freibleibend und unverbindlich und k\u00f6nnen jederzeit und unangek\u00fcndigt ge\u00e4ndert, ersetzt, entfernt oder gel\u00f6scht werden.<\/p>\n<p>\u00a0<\/p>\n<h2>Haftung f\u00fcr Links<\/h2>\n<p>Verweise und Links auf Webseiten Dritter liegen ausserhalb unseres Verantwortungsbereichs. Es wird jegliche Verantwortung f\u00fcr solche Webseiten abgelehnt. Der Zugriff und die Nutzung solcher Webseiten erfolgen auf eigene Gefahr des Nutzers oder der Nutzerin.<\/p>\n<p>Quellenangaben f\u00fcr verwendete Bilder: Sarah Buck, https:\/\/www.pexels.com\/de-de\/<\/p>\n<p>\u00a0<\/p>\n<h2><span class=\"s1\">Beschreibung und Umfang der Datenbearbeitung<\/span><\/h2>\n<p class=\"p2\"><span class=\"s1\">Wenn Sie auf unsere Website zugreifen, d.h., selbst wenn Sie sich nicht registrieren oder anderweitig Informationen \u00fcbermitteln, werden automatisch Informationen allgemeiner Natur erfasst. Diese Informationen (Server-Logfiles) beinhalten etwa die Art des Webbrowsers, das verwendete Betriebssystem, den Domainnamen Ihres Internet-Service-Providers, Ihre IP-Adresse, Referrer-URL, Datum und Uhrzeit des Zugriffs und \u00e4hnliches.<br \/><br \/><\/span><\/p>\n<h2 class=\"p1\"><span class=\"s1\">Kontaktaufnahme<\/span><\/h2>\n<p class=\"p2\"><span class=\"s1\">Auf unserer Website ist ein Kontaktformular vorhanden, welches f\u00fcr die elektronische Kontaktaufnahme genutzt werden kann. Nehmen Sie diese M\u00f6glichkeit wahr, so werden die in der Eingabemaske eingegeben Personendaten an uns \u00fcbermittelt und gespeichert. Die Verarbeitung Ihrer Personendaten dient uns allein zur Bearbeitung Ihrer Anfrage. <\/span><\/p>\n<p class=\"p2\"><span class=\"s1\">Zum Zeitpunkt der Absendung der Nachricht werden zudem folgende Daten \u00fcbermittelt und gespeichert:<\/span><\/p>\n<ul>\n<li class=\"p3\"><span class=\"s1\">Datum und Uhrzeit der Anfrage<\/span><\/li>\n<li class=\"p3\">URL, von der die Anfrage erfolgte<\/li>\n<li class=\"p3\">IP-Adresse<\/li>\n<\/ul>\n<p class=\"p1\"><span class=\"s1\"><br \/>Alternativ ist eine Kontaktaufnahme \u00fcber die bereitgestellten E-Mail-Adressen m\u00f6glich. In diesem Fall werden die mit der E-Mail \u00fcbermittelten Personendaten des Nutzers gespeichert.<\/span><\/p>\n<h2><br \/>Rechte der betroffenen Personen<\/h2>\n<p class=\"p1\"><span class=\"s1\">Eine erteilte Einwilligung in die Verarbeitung personenbezogener Daten k\u00f6nnen Sie jederzeit uns gegen\u00fcber widerrufen. Bitte beachten Sie, dass der Widerruf erst f\u00fcr die Zukunft wirkt. Bearbeitungen, die vor dem Widerruf erfolgt sind, sind davon nicht betroffen.<\/span><\/p>\n<p class=\"p1\"><span class=\"s1\">F\u00fcr eine Auskunft \u00fcber die von uns bearbeiteten Personendaten, senden Sie Ihr Auskunftsbegehren bitte an hello@sarahkriemler.design<\/span><\/p>\n<p class=\"p2\"><span class=\"s1\">\u00a0<\/span><\/p>\n<p><\/p>\t\t\t\t\t\t\t\t<\/div>\n\t\t\t\t<\/div>\n\t\t\t\t\t<\/div>\n\t\t\t\t<\/div>\n\t\t\t\t\t<\/div>\n\t\t\t\t<\/div>\n\t\t\t\t<\/div>\n\t\t","protected":false},"excerpt":{"rendered":"<p>Datenschutz Haftungsausschluss und Rechtshinweis Die f\u00fcr die Internetseite verantwortliche Person \u00fcbernimmt keinerlei Gew\u00e4hr f\u00fcr die bereitgestellten Informationen. Haftungsanspr\u00fcche gegen die f\u00fcr die Internetseite verantwortliche Person sind grunds\u00e4tzlich ausgeschlossen. Alle Angebote sind freibleibend und unverbindlich und k\u00f6nnen jederzeit und unangek\u00fcndigt ge\u00e4ndert, ersetzt, entfernt oder gel\u00f6scht werden. \u00a0 Haftung f\u00fcr Links Verweise und Links auf Webseiten Dritter [&hellip;]<\/p>\n","protected":false},"author":1,"featured_media":0,"parent":0,"menu_order":0,"comment_status":"closed","ping_status":"open","template":"","meta":{"footnotes":""},"class_list":["post-3","page","type-page","status-publish","hentry"],"_links":{"self":[{"href":"https:\/\/sarahkriemler.design\/index.php\/wp-json\/wp\/v2\/pages\/3","targetHints":{"allow":["GET"]}}],"collection":[{"href":"https:\/\/sarahkriemler.design\/index.php\/wp-json\/wp\/v2\/pages"}],"about":[{"href":"https:\/\/sarahkriemler.design\/index.php\/wp-json\/wp\/v2\/types\/page"}],"author":[{"embeddable":true,"href":"https:\/\/sarahkriemler.design\/index.php\/wp-json\/wp\/v2\/users\/1"}],"replies":[{"embeddable":true,"href":"https:\/\/sarahkriemler.design\/index.php\/wp-json\/wp\/v2\/comments?post=3"}],"version-history":[{"count":30,"href":"https:\/\/sarahkriemler.design\/index.php\/wp-json\/wp\/v2\/pages\/3\/revisions"}],"predecessor-version":[{"id":912,"href":"https:\/\/sarahkriemler.design\/index.php\/wp-json\/wp\/v2\/pages\/3\/revisions\/912"}],"wp:attachment":[{"href":"https:\/\/sarahkriemler.design\/index.php\/wp-json\/wp\/v2\/media?parent=3"}],"curies":[{"name":"wp","href":"https:\/\/api.w.org\/{rel}","templated":true}]}}