{"id":67,"date":"2023-11-28T08:27:26","date_gmt":"2023-11-28T08:27:26","guid":{"rendered":"https:\/\/sarahkriemler.design\/index.php\/about\/"},"modified":"2025-04-04T08:44:00","modified_gmt":"2025-04-04T08:44:00","slug":"about","status":"publish","type":"page","link":"https:\/\/sarahkriemler.design\/index.php\/about\/","title":{"rendered":"About"},"content":{"rendered":"\t\t<div data-elementor-type=\"wp-page\" data-elementor-id=\"67\" class=\"elementor elementor-67\" data-elementor-post-type=\"page\">\n\t\t\t\t<div class=\"elementor-element elementor-element-44850b4f e-con-full e-flex e-con e-parent\" data-id=\"44850b4f\" data-element_type=\"container\" data-settings=\"{&quot;background_background&quot;:&quot;classic&quot;}\">\n\t\t<div class=\"elementor-element elementor-element-537c6905 e-con-full e-flex e-con e-child\" data-id=\"537c6905\" data-element_type=\"container\" data-settings=\"{&quot;background_background&quot;:&quot;classic&quot;}\">\n\t\t\t\t<div class=\"elementor-element elementor-element-53e2d567 elementor-invisible elementor-widget elementor-widget-image\" data-id=\"53e2d567\" data-element_type=\"widget\" data-settings=\"{&quot;_animation&quot;:&quot;fadeIn&quot;}\" data-widget_type=\"image.default\">\n\t\t\t\t<div class=\"elementor-widget-container\">\n\t\t\t\t\t\t\t\t\t\t\t\t\t\t\t<img fetchpriority=\"high\" decoding=\"async\" width=\"1920\" height=\"2560\" src=\"https:\/\/sarahkriemler.design\/wp-content\/uploads\/2024\/07\/Foto-scaled.jpg\" class=\"attachment-full size-full wp-image-1080\" alt=\"\" srcset=\"https:\/\/sarahkriemler.design\/wp-content\/uploads\/2024\/07\/Foto-scaled.jpg 1920w, https:\/\/sarahkriemler.design\/wp-content\/uploads\/2024\/07\/Foto-225x300.jpg 225w, https:\/\/sarahkriemler.design\/wp-content\/uploads\/2024\/07\/Foto-768x1024.jpg 768w, https:\/\/sarahkriemler.design\/wp-content\/uploads\/2024\/07\/Foto-1152x1536.jpg 1152w, https:\/\/sarahkriemler.design\/wp-content\/uploads\/2024\/07\/Foto-1536x2048.jpg 1536w\" sizes=\"(max-width: 1920px) 100vw, 1920px\" \/>\t\t\t\t\t\t\t\t\t\t\t\t\t\t\t<\/div>\n\t\t\t\t<\/div>\n\t\t\t\t<\/div>\n\t\t<div class=\"elementor-element elementor-element-2513b2f e-con-full e-flex e-con e-child\" data-id=\"2513b2f\" data-element_type=\"container\">\n\t\t\t\t<div class=\"elementor-element elementor-element-4daf6c43 elementor-invisible elementor-widget elementor-widget-heading\" data-id=\"4daf6c43\" data-element_type=\"widget\" data-settings=\"{&quot;_animation&quot;:&quot;fadeIn&quot;}\" data-widget_type=\"heading.default\">\n\t\t\t\t<div class=\"elementor-widget-container\">\n\t\t\t\t\t<h1 class=\"elementor-heading-title elementor-size-default\">Hi i'm Sarah<\/h1>\t\t\t\t<\/div>\n\t\t\t\t<\/div>\n\t\t\t\t<div class=\"elementor-element elementor-element-2fc3393 elementor-widget elementor-widget-text-editor\" data-id=\"2fc3393\" data-element_type=\"widget\" data-widget_type=\"text-editor.default\">\n\t\t\t\t<div class=\"elementor-widget-container\">\n\t\t\t\t\t\t\t\t\t<p class=\"p1\"><span class=\"s1\">Mit meiner Ausbildung als Zeichnerin ZFA habe ich den Grundstein f\u00fcr meine gestalterische Leidenschaft gelegt. Die Arbeit in verschiedenen Architekturb\u00fcros sch\u00e4rfte meinen Blick f\u00fcr r\u00e4umliches Design und architektonische \u00c4sthetik. Durch die Erg\u00e4nzung meiner Kenntnisse mit einer Weiterbildung als Multimediadesignerin erweiterte ich meinen Horizont und formte meine F\u00e4higkeiten. Gleichzeitig f\u00fchrte mich dieser Weg in die Selbstst\u00e4ndigkeit als Brand- und Webdesignerin. <\/span>Pr\u00e4zision und Liebe zum Detail zeichnen meine Arbeit aus.<\/p><p>Die Organisation meiner eigenen Hochzeit entfachte eine neue Leidenschaft in mir, die ich in meine berufliche Praxis integrieren wollte. Daher entschloss ich mich, meine Dienstleistungen gezielt auf diesem Gebiet anzubieten und mich auf s\u00e4mtliche Aspekte des Hochzeitsdesigns zu spezialisieren.<\/p><p class=\"\" data-start=\"244\" data-end=\"477\">Insgesamt spiegelt mein beruflicher Werdegang nicht nur meine Entwicklung als Designerin wider, sondern auch meine F\u00e4higkeit, meine Leidenschaften miteinander zu verbinden und in kreative, innovative Dienstleistungen zu verwandeln.<\/p><p class=\"\" data-start=\"479\" data-end=\"817\">Neben meiner T\u00e4tigkeit als Wedding Design Allrounder betreibe ich einen kleinen Onlinestore, in dem ich alles rund ums Thema Hochzeit anbiete \u2013 von Geschenken \u00fcber B\u00fccher bis hin zu Templates f\u00fcr Einladungskarten. Dieser Shop ist f\u00fcr mich ein weiterer Weg, meiner Kreativit\u00e4t freien Lauf zu lassen und meine Ideen mit anderen zu teilen.<\/p><p class=\"\" data-start=\"819\" data-end=\"993\">Nach diesem kurzen Einblick in meinen beruflichen Weg m\u00f6chte ich gerne noch ein paar pers\u00f6nliche Fakten mit dir teilen und dich ein St\u00fcck weit in meine kleine Welt mitnehmen:<\/p><p>Ich liebe es zu reisen und neue Kulturen kennenzulernen. Das Erkunden neuer Orte erweitert meinen Sichtweise und l\u00e4sst mich die Welt mit neuen Augen sehen. <span class=\"s1\">Aufgewachsen bin ich zweisprachig (Deutsch und Italienisch) \u2013 deswegen wohl auch meine liebe zu Pasta. In meiner Freizeit suche ich den Ausgleich beim Sport oder geniesse die Zeit mit Family &amp; Friends. Da ich in der Schweiz wohne, zieht es mich im Winter gerne in die Berge, um dort Snowboarden zu gehen und die Natur zu geniessen. Dabei geh\u00f6rt f\u00fcr mich eine &#8222;warmi Schoggi&#8220; dazu. Meine Ruhe finde ich in meiner Kreativit\u00e4t. Ich probiere mich bei neuen DIY-Projekten aus, t\u00f6pfere oder male gerne.<\/span><\/p><p>Folgt mir gerne auf Linkedin f\u00fcr mehr insights.<\/p>\t\t\t\t\t\t\t\t<\/div>\n\t\t\t\t<\/div>\n\t\t\t\t<div class=\"elementor-element elementor-element-0bb01d8 e-grid-align-left elementor-shape-rounded elementor-grid-0 elementor-widget elementor-widget-social-icons\" data-id=\"0bb01d8\" data-element_type=\"widget\" data-widget_type=\"social-icons.default\">\n\t\t\t\t<div class=\"elementor-widget-container\">\n\t\t\t\t\t\t\t<div class=\"elementor-social-icons-wrapper elementor-grid\">\n\t\t\t\t\t\t\t<span class=\"elementor-grid-item\">\n\t\t\t\t\t<a class=\"elementor-icon elementor-social-icon elementor-social-icon-linkedin elementor-repeater-item-3139327\" href=\"https:\/\/www.linkedin.com\/company\/sarah-kriemler-design\/\" target=\"_blank\">\n\t\t\t\t\t\t<span class=\"elementor-screen-only\">Linkedin<\/span>\n\t\t\t\t\t\t<svg class=\"e-font-icon-svg e-fab-linkedin\" viewBox=\"0 0 448 512\" xmlns=\"http:\/\/www.w3.org\/2000\/svg\"><path d=\"M416 32H31.9C14.3 32 0 46.5 0 64.3v383.4C0 465.5 14.3 480 31.9 480H416c17.6 0 32-14.5 32-32.3V64.3c0-17.8-14.4-32.3-32-32.3zM135.4 416H69V202.2h66.5V416zm-33.2-243c-21.3 0-38.5-17.3-38.5-38.5S80.9 96 102.2 96c21.2 0 38.5 17.3 38.5 38.5 0 21.3-17.2 38.5-38.5 38.5zm282.1 243h-66.4V312c0-24.8-.5-56.7-34.5-56.7-34.6 0-39.9 27-39.9 54.9V416h-66.4V202.2h63.7v29.2h.9c8.9-16.8 30.6-34.5 62.9-34.5 67.2 0 79.7 44.3 79.7 101.9V416z\"><\/path><\/svg>\t\t\t\t\t<\/a>\n\t\t\t\t<\/span>\n\t\t\t\t\t<\/div>\n\t\t\t\t\t\t<\/div>\n\t\t\t\t<\/div>\n\t\t\t\t<\/div>\n\t\t\t\t<\/div>\n\t\t<div class=\"elementor-element elementor-element-7ca545d3 e-flex e-con-boxed e-con e-parent\" data-id=\"7ca545d3\" data-element_type=\"container\" data-settings=\"{&quot;background_background&quot;:&quot;classic&quot;}\">\n\t\t\t\t\t<div class=\"e-con-inner\">\n\t\t<div class=\"elementor-element elementor-element-34a0504 e-con-full e-flex e-con e-child\" data-id=\"34a0504\" data-element_type=\"container\" data-settings=\"{&quot;background_background&quot;:&quot;classic&quot;}\">\n\t\t\t\t<div class=\"elementor-element elementor-element-4ea556e6 elementor-view-default elementor-invisible elementor-widget elementor-widget-icon\" data-id=\"4ea556e6\" data-element_type=\"widget\" data-settings=\"{&quot;_animation&quot;:&quot;fadeIn&quot;}\" data-widget_type=\"icon.default\">\n\t\t\t\t<div class=\"elementor-widget-container\">\n\t\t\t\t\t\t\t<div class=\"elementor-icon-wrapper\">\n\t\t\t<div class=\"elementor-icon\">\n\t\t\t<svg xmlns=\"http:\/\/www.w3.org\/2000\/svg\" id=\"f512c916-4764-49f2-a8a1-f5489a2e0e46\" data-name=\"Layer 1\" width=\"42.4\" height=\"37.6\" viewBox=\"0 0 42.4 37.6\"><path d=\"M35.18,9.6Q37.38,7,42.58,7V.2q-18.2,0-18.2,20.4a85.7148,85.7148,0,0,0,1.8,17.2h16.2V22.4h-9.2V17.6Q33.18,12.2,35.18,9.6Z\" transform=\"translate(-0.1797 -0.2)\"><\/path><path d=\"M.18,20.6a87.4221,87.4221,0,0,0,2,17.2h16.2V22.4H8.98V17.6q0-5.4,2.2-8T18.58,7V.2Q.18.2.18,20.6Z\" transform=\"translate(-0.1797 -0.2)\"><\/path><\/svg>\t\t\t<\/div>\n\t\t<\/div>\n\t\t\t\t\t\t<\/div>\n\t\t\t\t<\/div>\n\t\t\t\t<div class=\"elementor-element elementor-element-5a9d9ae3 elementor-widget elementor-widget-testimonial\" data-id=\"5a9d9ae3\" data-element_type=\"widget\" data-widget_type=\"testimonial.default\">\n\t\t\t\t<div class=\"elementor-widget-container\">\n\t\t\t\t\t\t\t<div class=\"elementor-testimonial-wrapper\">\n\t\t\t\t\t\t\t<div class=\"elementor-testimonial-content\">Design is so simple. <br>\nThat's why it's so complicated. <\/div>\n\t\t\t\n\t\t\t\t\t\t<div class=\"elementor-testimonial-meta\">\n\t\t\t\t<div class=\"elementor-testimonial-meta-inner\">\n\t\t\t\t\t\n\t\t\t\t\t\t\t\t\t\t<div class=\"elementor-testimonial-details\">\n\t\t\t\t\t\t\t\t\t\t\t\t\t\t<div class=\"elementor-testimonial-name\">Paul Rand<\/div>\n\t\t\t\t\t\t\t\t\t\t\t\t\t\t\t\t\t\t\t<\/div>\n\t\t\t\t\t\t\t\t\t<\/div>\n\t\t\t<\/div>\n\t\t\t\t\t<\/div>\n\t\t\t\t\t\t<\/div>\n\t\t\t\t<\/div>\n\t\t\t\t<\/div>\n\t\t\t\t<div class=\"elementor-element elementor-element-186541c7 elementor-widget__width-initial elementor-widget-tablet__width-initial elementor-absolute elementor-invisible elementor-widget elementor-widget-spacer\" data-id=\"186541c7\" data-element_type=\"widget\" data-settings=\"{&quot;_position&quot;:&quot;absolute&quot;,&quot;_animation&quot;:&quot;slideInUp&quot;,&quot;motion_fx_motion_fx_scrolling&quot;:&quot;yes&quot;,&quot;motion_fx_translateY_effect&quot;:&quot;yes&quot;,&quot;motion_fx_translateY_affectedRange&quot;:{&quot;unit&quot;:&quot;%&quot;,&quot;size&quot;:&quot;&quot;,&quot;sizes&quot;:{&quot;start&quot;:50,&quot;end&quot;:100}},&quot;motion_fx_scale_effect&quot;:&quot;yes&quot;,&quot;motion_fx_scale_range&quot;:{&quot;unit&quot;:&quot;%&quot;,&quot;size&quot;:&quot;&quot;,&quot;sizes&quot;:{&quot;start&quot;:50,&quot;end&quot;:100}},&quot;motion_fx_translateY_speed&quot;:{&quot;unit&quot;:&quot;px&quot;,&quot;size&quot;:4,&quot;sizes&quot;:[]},&quot;motion_fx_scale_direction&quot;:&quot;out-in&quot;,&quot;motion_fx_scale_speed&quot;:{&quot;unit&quot;:&quot;px&quot;,&quot;size&quot;:4,&quot;sizes&quot;:[]},&quot;motion_fx_devices&quot;:[&quot;desktop&quot;,&quot;tablet&quot;,&quot;mobile&quot;]}\" data-widget_type=\"spacer.default\">\n\t\t\t\t<div class=\"elementor-widget-container\">\n\t\t\t\t\t\t\t<div class=\"elementor-spacer\">\n\t\t\t<div class=\"elementor-spacer-inner\"><\/div>\n\t\t<\/div>\n\t\t\t\t\t\t<\/div>\n\t\t\t\t<\/div>\n\t\t\t\t\t<\/div>\n\t\t\t\t<\/div>\n\t\t<div class=\"elementor-element elementor-element-111d869c elementor-hidden-desktop elementor-hidden-tablet elementor-hidden-mobile e-flex e-con-boxed e-con e-parent\" data-id=\"111d869c\" data-element_type=\"container\" data-settings=\"{&quot;background_background&quot;:&quot;classic&quot;}\">\n\t\t\t\t\t<div class=\"e-con-inner\">\n\t\t\t\t<div class=\"elementor-element elementor-element-7239a52d elementor-invisible elementor-widget elementor-widget-heading\" data-id=\"7239a52d\" data-element_type=\"widget\" data-settings=\"{&quot;_animation&quot;:&quot;fadeIn&quot;}\" data-widget_type=\"heading.default\">\n\t\t\t\t<div class=\"elementor-widget-container\">\n\t\t\t\t\t<h2 class=\"elementor-heading-title elementor-size-default\">As Featured In<\/h2>\t\t\t\t<\/div>\n\t\t\t\t<\/div>\n\t\t\t\t<div class=\"elementor-element elementor-element-50dd51bd elementor-widget elementor-widget-image-carousel\" data-id=\"50dd51bd\" data-element_type=\"widget\" data-settings=\"{&quot;slides_to_show&quot;:&quot;5&quot;,&quot;slides_to_show_tablet&quot;:&quot;3&quot;,&quot;slides_to_show_mobile&quot;:&quot;2&quot;,&quot;slides_to_scroll&quot;:&quot;1&quot;,&quot;slides_to_scroll_tablet&quot;:&quot;2&quot;,&quot;slides_to_scroll_mobile&quot;:&quot;2&quot;,&quot;navigation&quot;:&quot;none&quot;,&quot;pause_on_hover&quot;:&quot;no&quot;,&quot;pause_on_interaction&quot;:&quot;no&quot;,&quot;autoplay_speed&quot;:&quot;3000&quot;,&quot;autoplay&quot;:&quot;yes&quot;,&quot;infinite&quot;:&quot;yes&quot;,&quot;speed&quot;:500}\" data-widget_type=\"image-carousel.default\">\n\t\t\t\t<div class=\"elementor-widget-container\">\n\t\t\t\t\t\t\t<div class=\"elementor-image-carousel-wrapper swiper\" role=\"region\" aria-roledescription=\"carousel\" aria-label=\"Bild Karussell\" dir=\"ltr\">\n\t\t\t<div class=\"elementor-image-carousel swiper-wrapper\" aria-live=\"off\">\n\t\t\t\t\t\t\t\t<div class=\"swiper-slide\" role=\"group\" aria-roledescription=\"slide\" aria-label=\"1 von 5\"><figure class=\"swiper-slide-inner\"><img decoding=\"async\" class=\"swiper-slide-image\" src=\"https:\/\/sarahkriemler.design\/wp-content\/uploads\/2023\/11\/as-deatured-in-logo4.svg\" alt=\"as-deatured-in-logo4.svg\" \/><\/figure><\/div><div class=\"swiper-slide\" role=\"group\" aria-roledescription=\"slide\" aria-label=\"2 von 5\"><figure class=\"swiper-slide-inner\"><img decoding=\"async\" class=\"swiper-slide-image\" src=\"https:\/\/sarahkriemler.design\/wp-content\/uploads\/2023\/11\/as-deatured-in-logo2.svg\" alt=\"as-deatured-in-logo2.svg\" \/><\/figure><\/div><div class=\"swiper-slide\" role=\"group\" aria-roledescription=\"slide\" aria-label=\"3 von 5\"><figure class=\"swiper-slide-inner\"><img decoding=\"async\" class=\"swiper-slide-image\" src=\"https:\/\/sarahkriemler.design\/wp-content\/uploads\/2023\/11\/as-deatured-in-logo6.svg\" alt=\"as-deatured-in-logo6.svg\" \/><\/figure><\/div><div class=\"swiper-slide\" role=\"group\" aria-roledescription=\"slide\" aria-label=\"4 von 5\"><figure class=\"swiper-slide-inner\"><img decoding=\"async\" class=\"swiper-slide-image\" src=\"https:\/\/sarahkriemler.design\/wp-content\/uploads\/2023\/11\/as-deatured-in-logo1.svg\" alt=\"as-deatured-in-logo1.svg\" \/><\/figure><\/div><div class=\"swiper-slide\" role=\"group\" aria-roledescription=\"slide\" aria-label=\"5 von 5\"><figure class=\"swiper-slide-inner\"><img decoding=\"async\" class=\"swiper-slide-image\" src=\"https:\/\/sarahkriemler.design\/wp-content\/uploads\/2023\/11\/as-deatured-in-logo3.svg\" alt=\"as-deatured-in-logo3.svg\" \/><\/figure><\/div>\t\t\t<\/div>\n\t\t\t\t\t\t\t\n\t\t\t\t\t\t\t\t\t<\/div>\n\t\t\t\t\t\t<\/div>\n\t\t\t\t<\/div>\n\t\t\t\t\t<\/div>\n\t\t\t\t<\/div>\n\t\t<div class=\"elementor-element elementor-element-3e26f69d e-con-full e-flex e-con e-parent\" data-id=\"3e26f69d\" data-element_type=\"container\" data-settings=\"{&quot;background_background&quot;:&quot;classic&quot;}\">\n\t\t<div class=\"elementor-element elementor-element-2e5f8f16 e-con-full e-flex e-con e-child\" data-id=\"2e5f8f16\" data-element_type=\"container\">\n\t\t\t\t<div class=\"elementor-element elementor-element-c0fe99f elementor-invisible elementor-widget elementor-widget-heading\" data-id=\"c0fe99f\" data-element_type=\"widget\" data-settings=\"{&quot;_animation&quot;:&quot;fadeIn&quot;}\" data-widget_type=\"heading.default\">\n\t\t\t\t<div class=\"elementor-widget-container\">\n\t\t\t\t\t<h2 class=\"elementor-heading-title elementor-size-default\">Get in Touch<\/h2>\t\t\t\t<\/div>\n\t\t\t\t<\/div>\n\t\t\t\t<div class=\"elementor-element elementor-element-5bd93e elementor-widget__width-initial elementor-widget-mobile__width-inherit elementor-widget elementor-widget-text-editor\" data-id=\"5bd93e\" data-element_type=\"widget\" data-widget_type=\"text-editor.default\">\n\t\t\t\t<div class=\"elementor-widget-container\">\n\t\t\t\t\t\t\t\t\t<p>Ich freue mich darauf, von Dir zu h\u00f6ren und stehe gerne f\u00fcr Fragen zur Verf\u00fcgung. Ich werde versuchen, so schnell wie m\u00f6glich zu antworten.<\/p>\t\t\t\t\t\t\t\t<\/div>\n\t\t\t\t<\/div>\n\t\t\t\t<div class=\"elementor-element elementor-element-46782ba7 elementor-align-center elementor-widget elementor-widget-button\" data-id=\"46782ba7\" data-element_type=\"widget\" data-widget_type=\"button.default\">\n\t\t\t\t<div class=\"elementor-widget-container\">\n\t\t\t\t\t\t\t\t\t<div class=\"elementor-button-wrapper\">\n\t\t\t\t\t<a class=\"elementor-button elementor-button-link elementor-size-sm elementor-animation-hang\" href=\"https:\/\/sarahkriemler.design\/index.php\/contact\/\">\n\t\t\t\t\t\t<span class=\"elementor-button-content-wrapper\">\n\t\t\t\t\t\t\t\t\t<span class=\"elementor-button-text\">Kontakt \u27f6<\/span>\n\t\t\t\t\t<\/span>\n\t\t\t\t\t<\/a>\n\t\t\t\t<\/div>\n\t\t\t\t\t\t\t\t<\/div>\n\t\t\t\t<\/div>\n\t\t\t\t<\/div>\n\t\t<div class=\"elementor-element elementor-element-59d41d1c e-con-full e-flex e-con e-child\" data-id=\"59d41d1c\" data-element_type=\"container\" data-settings=\"{&quot;background_background&quot;:&quot;classic&quot;}\">\n\t\t\t\t<\/div>\n\t\t\t\t<\/div>\n\t\t\t\t<\/div>\n\t\t","protected":false},"excerpt":{"rendered":"<p>Hi i&#8217;m Sarah Mit meiner Ausbildung als Zeichnerin ZFA habe ich den Grundstein f\u00fcr meine gestalterische Leidenschaft gelegt. Die Arbeit in verschiedenen Architekturb\u00fcros sch\u00e4rfte meinen Blick f\u00fcr r\u00e4umliches Design und architektonische \u00c4sthetik. Durch die Erg\u00e4nzung meiner Kenntnisse mit einer Weiterbildung als Multimediadesignerin erweiterte ich meinen Horizont und formte meine F\u00e4higkeiten. Gleichzeitig f\u00fchrte mich dieser Weg [&hellip;]<\/p>\n","protected":false},"author":1,"featured_media":0,"parent":0,"menu_order":0,"comment_status":"closed","ping_status":"closed","template":"","meta":{"footnotes":""},"class_list":["post-67","page","type-page","status-publish","hentry"],"_links":{"self":[{"href":"https:\/\/sarahkriemler.design\/index.php\/wp-json\/wp\/v2\/pages\/67","targetHints":{"allow":["GET"]}}],"collection":[{"href":"https:\/\/sarahkriemler.design\/index.php\/wp-json\/wp\/v2\/pages"}],"about":[{"href":"https:\/\/sarahkriemler.design\/index.php\/wp-json\/wp\/v2\/types\/page"}],"author":[{"embeddable":true,"href":"https:\/\/sarahkriemler.design\/index.php\/wp-json\/wp\/v2\/users\/1"}],"replies":[{"embeddable":true,"href":"https:\/\/sarahkriemler.design\/index.php\/wp-json\/wp\/v2\/comments?post=67"}],"version-history":[{"count":127,"href":"https:\/\/sarahkriemler.design\/index.php\/wp-json\/wp\/v2\/pages\/67\/revisions"}],"predecessor-version":[{"id":1168,"href":"https:\/\/sarahkriemler.design\/index.php\/wp-json\/wp\/v2\/pages\/67\/revisions\/1168"}],"wp:attachment":[{"href":"https:\/\/sarahkriemler.design\/index.php\/wp-json\/wp\/v2\/media?parent=67"}],"curies":[{"name":"wp","href":"https:\/\/api.w.org\/{rel}","templated":true}]}}