{"id":92,"date":"2023-11-28T08:27:29","date_gmt":"2023-11-28T08:27:29","guid":{"rendered":"https:\/\/sarahkriemler.design\/index.php\/contact\/"},"modified":"2023-12-05T18:29:34","modified_gmt":"2023-12-05T18:29:34","slug":"contact","status":"publish","type":"page","link":"https:\/\/sarahkriemler.design\/index.php\/contact\/","title":{"rendered":"Contact"},"content":{"rendered":"\t\t<div data-elementor-type=\"wp-page\" data-elementor-id=\"92\" class=\"elementor elementor-92\" data-elementor-post-type=\"page\">\n\t\t\t\t<div class=\"elementor-element elementor-element-66305cb2 e-con-full e-flex e-con e-parent\" data-id=\"66305cb2\" data-element_type=\"container\" data-settings=\"{&quot;background_background&quot;:&quot;classic&quot;}\">\n\t\t<div class=\"elementor-element elementor-element-4f568e6e e-con-full e-flex e-con e-child\" data-id=\"4f568e6e\" data-element_type=\"container\" data-settings=\"{&quot;background_background&quot;:&quot;classic&quot;}\">\n\t\t\t\t<div class=\"elementor-element elementor-element-607e2933 elementor-invisible elementor-widget elementor-widget-heading\" data-id=\"607e2933\" data-element_type=\"widget\" data-settings=\"{&quot;_animation&quot;:&quot;fadeIn&quot;}\" data-widget_type=\"heading.default\">\n\t\t\t\t<div class=\"elementor-widget-container\">\n\t\t\t\t\t<h1 class=\"elementor-heading-title elementor-size-default\">I\u2019d love to hear from you<\/h1>\t\t\t\t<\/div>\n\t\t\t\t<\/div>\n\t\t<div class=\"elementor-element elementor-element-6cacaf87 e-con-full e-flex e-con e-child\" data-id=\"6cacaf87\" data-element_type=\"container\">\n\t\t\t\t<div class=\"elementor-element elementor-element-47259adf elementor-invisible elementor-widget elementor-widget-text-editor\" data-id=\"47259adf\" data-element_type=\"widget\" data-settings=\"{&quot;_animation&quot;:&quot;fadeIn&quot;,&quot;_animation_delay&quot;:&quot;200&quot;}\" data-widget_type=\"text-editor.default\">\n\t\t\t\t<div class=\"elementor-widget-container\">\n\t\t\t\t\t\t\t\t\t<p>Ich freue mich darauf, von Dir zu h\u00f6ren und stehe gerne f\u00fcr Fragen zur Verf\u00fcgung. Ich werde versuchen, so schnell wie m\u00f6glich zu antworten.<\/p>\t\t\t\t\t\t\t\t<\/div>\n\t\t\t\t<\/div>\n\t\t\t\t<div class=\"elementor-element elementor-element-f64306a elementor-widget-divider--view-line elementor-invisible elementor-widget elementor-widget-divider\" data-id=\"f64306a\" data-element_type=\"widget\" data-settings=\"{&quot;_animation&quot;:&quot;fadeIn&quot;,&quot;_animation_delay&quot;:&quot;200&quot;}\" data-widget_type=\"divider.default\">\n\t\t\t\t<div class=\"elementor-widget-container\">\n\t\t\t\t\t\t\t<div class=\"elementor-divider\">\n\t\t\t<span class=\"elementor-divider-separator\">\n\t\t\t\t\t\t<\/span>\n\t\t<\/div>\n\t\t\t\t\t\t<\/div>\n\t\t\t\t<\/div>\n\t\t\t\t<div class=\"elementor-element elementor-element-380b1631 elementor-align-left elementor-mobile-align-center elementor-icon-list--layout-traditional elementor-list-item-link-full_width elementor-widget elementor-widget-icon-list\" data-id=\"380b1631\" data-element_type=\"widget\" data-widget_type=\"icon-list.default\">\n\t\t\t\t<div class=\"elementor-widget-container\">\n\t\t\t\t\t\t\t<ul class=\"elementor-icon-list-items\">\n\t\t\t\t\t\t\t<li class=\"elementor-icon-list-item\">\n\t\t\t\t\t\t\t\t\t\t\t<a href=\"https:\/\/waze.com\/ul?q=2285%20Oak%20Street,%20Old%20Forge,%20New%20York%20&#038;z=10&#038;navigate=yes\">\n\n\t\t\t\t\t\t\t\t\t\t\t<span class=\"elementor-icon-list-text\">ADRESSE: 4600 Olten, Switzerland<\/span>\n\t\t\t\t\t\t\t\t\t\t\t<\/a>\n\t\t\t\t\t\t\t\t\t<\/li>\n\t\t\t\t\t\t\t\t<li class=\"elementor-icon-list-item\">\n\t\t\t\t\t\t\t\t\t\t\t<a href=\"mailto:info@robertjonesphoto.com\">\n\n\t\t\t\t\t\t\t\t\t\t\t<span class=\"elementor-icon-list-text\">EMAIL: hello@sarahkriemler.design<\/span>\n\t\t\t\t\t\t\t\t\t\t\t<\/a>\n\t\t\t\t\t\t\t\t\t<\/li>\n\t\t\t\t\t\t<\/ul>\n\t\t\t\t\t\t<\/div>\n\t\t\t\t<\/div>\n\t\t\t\t<\/div>\n\t\t\t\t<\/div>\n\t\t<div class=\"elementor-element elementor-element-2962d233 e-con-full e-flex e-con e-child\" data-id=\"2962d233\" data-element_type=\"container\" data-settings=\"{&quot;background_background&quot;:&quot;classic&quot;}\">\n\t\t\t\t<div class=\"elementor-element elementor-element-6e3a8e3e elementor-button-align-end elementor-mobile-button-align-center elementor-widget elementor-widget-form\" data-id=\"6e3a8e3e\" data-element_type=\"widget\" data-settings=\"{&quot;step_next_label&quot;:&quot;Next&quot;,&quot;step_previous_label&quot;:&quot;Previous&quot;,&quot;button_width&quot;:&quot;100&quot;,&quot;step_type&quot;:&quot;number_text&quot;,&quot;step_icon_shape&quot;:&quot;circle&quot;}\" data-widget_type=\"form.default\">\n\t\t\t\t<div class=\"elementor-widget-container\">\n\t\t\t\t\t\t\t<form class=\"elementor-form\" method=\"post\" name=\"Contact Form\">\n\t\t\t<input type=\"hidden\" name=\"post_id\" value=\"92\"\/>\n\t\t\t<input type=\"hidden\" name=\"form_id\" value=\"6e3a8e3e\"\/>\n\t\t\t<input type=\"hidden\" name=\"referer_title\" value=\"\" \/>\n\n\t\t\t\n\t\t\t<div class=\"elementor-form-fields-wrapper elementor-labels-\">\n\t\t\t\t\t\t\t\t<div class=\"elementor-field-type-text elementor-field-group elementor-column elementor-field-group-name elementor-col-50\">\n\t\t\t\t\t\t\t\t\t\t\t\t<label for=\"form-field-name\" class=\"elementor-field-label elementor-screen-only\">\n\t\t\t\t\t\t\t\tName\t\t\t\t\t\t\t<\/label>\n\t\t\t\t\t\t\t\t\t\t\t\t\t\t<input size=\"1\" type=\"text\" name=\"form_fields[name]\" id=\"form-field-name\" class=\"elementor-field elementor-size-sm  elementor-field-textual\" placeholder=\"Vorname\">\n\t\t\t\t\t\t\t\t\t\t\t<\/div>\n\t\t\t\t\t\t\t\t<div class=\"elementor-field-type-text elementor-field-group elementor-column elementor-field-group-field_3bc0f33 elementor-col-50\">\n\t\t\t\t\t\t\t\t\t\t\t\t<label for=\"form-field-field_3bc0f33\" class=\"elementor-field-label elementor-screen-only\">\n\t\t\t\t\t\t\t\tLast Name\t\t\t\t\t\t\t<\/label>\n\t\t\t\t\t\t\t\t\t\t\t\t\t\t<input size=\"1\" type=\"text\" name=\"form_fields[field_3bc0f33]\" id=\"form-field-field_3bc0f33\" class=\"elementor-field elementor-size-sm  elementor-field-textual\" placeholder=\"Nachname\">\n\t\t\t\t\t\t\t\t\t\t\t<\/div>\n\t\t\t\t\t\t\t\t<div class=\"elementor-field-type-tel elementor-field-group elementor-column elementor-field-group-field_1b6cdab elementor-col-50\">\n\t\t\t\t\t\t\t\t\t\t\t\t<label for=\"form-field-field_1b6cdab\" class=\"elementor-field-label elementor-screen-only\">\n\t\t\t\t\t\t\t\tPhone Number\t\t\t\t\t\t\t<\/label>\n\t\t\t\t\t\t\t\t<input size=\"1\" type=\"tel\" name=\"form_fields[field_1b6cdab]\" id=\"form-field-field_1b6cdab\" class=\"elementor-field elementor-size-sm  elementor-field-textual\" placeholder=\"Tel Nummer\" pattern=\"[0-9()#&amp;+*-=.]+\" title=\"Nur Nummern oder Telefon-Zeichen (#, -, *, etc) werden akzeptiert.\">\n\n\t\t\t\t\t\t<\/div>\n\t\t\t\t\t\t\t\t<div class=\"elementor-field-type-email elementor-field-group elementor-column elementor-field-group-email elementor-col-50 elementor-field-required\">\n\t\t\t\t\t\t\t\t\t\t\t\t<label for=\"form-field-email\" class=\"elementor-field-label elementor-screen-only\">\n\t\t\t\t\t\t\t\tEmail Address\t\t\t\t\t\t\t<\/label>\n\t\t\t\t\t\t\t\t\t\t\t\t\t\t<input size=\"1\" type=\"email\" name=\"form_fields[email]\" id=\"form-field-email\" class=\"elementor-field elementor-size-sm  elementor-field-textual\" placeholder=\"Emai\" required=\"required\">\n\t\t\t\t\t\t\t\t\t\t\t<\/div>\n\t\t\t\t\t\t\t\t<div class=\"elementor-field-type-textarea elementor-field-group elementor-column elementor-field-group-message elementor-col-100\">\n\t\t\t\t\t\t\t\t\t\t\t\t<label for=\"form-field-message\" class=\"elementor-field-label elementor-screen-only\">\n\t\t\t\t\t\t\t\tMessage\t\t\t\t\t\t\t<\/label>\n\t\t\t\t\t\t<textarea class=\"elementor-field-textual elementor-field  elementor-size-sm\" name=\"form_fields[message]\" id=\"form-field-message\" rows=\"4\" placeholder=\"Wie kann ich helfen?\"><\/textarea>\t\t\t\t<\/div>\n\t\t\t\t\t\t\t\t<div class=\"elementor-field-type-recaptcha_v3 elementor-field-group elementor-column elementor-field-group-field_9d8a617 elementor-col-100 recaptcha_v3-bottomright\">\n\t\t\t\t\t<div class=\"elementor-field\" id=\"form-field-field_9d8a617\"><div class=\"elementor-g-recaptcha\" data-sitekey=\"6LdFiSYpAAAAAAkzZuy1miPcXe_hwbxijbhXkSCn\" data-type=\"v3\" data-action=\"Form\" data-badge=\"bottomright\" data-size=\"invisible\"><\/div><\/div>\t\t\t\t<\/div>\n\t\t\t\t\t\t\t\t<div class=\"elementor-field-group elementor-column elementor-field-type-submit elementor-col-100 e-form__buttons\">\n\t\t\t\t\t<button class=\"elementor-button elementor-size-sm\" type=\"submit\">\n\t\t\t\t\t\t<span class=\"elementor-button-content-wrapper\">\n\t\t\t\t\t\t\t\t\t\t\t\t\t\t\t\t\t\t\t\t\t\t<span class=\"elementor-button-text\">Senden \u27f6<\/span>\n\t\t\t\t\t\t\t\t\t\t\t\t\t<\/span>\n\t\t\t\t\t<\/button>\n\t\t\t\t<\/div>\n\t\t\t<\/div>\n\t\t<\/form>\n\t\t\t\t\t\t<\/div>\n\t\t\t\t<\/div>\n\t\t\t\t<\/div>\n\t\t\t\t<\/div>\n\t\t<div class=\"elementor-element elementor-element-71a07935 elementor-hidden-desktop elementor-hidden-tablet elementor-hidden-mobile e-flex e-con-boxed e-con e-parent\" data-id=\"71a07935\" data-element_type=\"container\" data-settings=\"{&quot;animation&quot;:&quot;none&quot;}\">\n\t\t\t\t\t<div class=\"e-con-inner\">\n\t\t\t\t<div class=\"elementor-element elementor-element-107b26bf gallery-spacing-custom elementor-widget elementor-widget-image-gallery\" data-id=\"107b26bf\" data-element_type=\"widget\" data-widget_type=\"image-gallery.default\">\n\t\t\t\t<div class=\"elementor-widget-container\">\n\t\t\t\t\t\t\t<div class=\"elementor-image-gallery\">\n\t\t\t<div id='gallery-1' class='gallery galleryid-92 gallery-columns-3 gallery-size-full'><figure class='gallery-item'>\n\t\t\t<div class='gallery-icon landscape'>\n\t\t\t\t<a data-elementor-open-lightbox=\"yes\" data-elementor-lightbox-slideshow=\"107b26bf\" data-elementor-lightbox-title=\"contact_gallery1.jpg\" data-e-action-hash=\"#elementor-action%3Aaction%3Dlightbox%26settings%3DeyJpZCI6OTMsInVybCI6Imh0dHBzOlwvXC9zYXJhaGtyaWVtbGVyLmRlc2lnblwvd3AtY29udGVudFwvdXBsb2Fkc1wvMjAyM1wvMTFcL2NvbnRhY3RfZ2FsbGVyeTEuanBnIiwic2xpZGVzaG93IjoiMTA3YjI2YmYifQ%3D%3D\" href='https:\/\/sarahkriemler.design\/wp-content\/uploads\/2023\/11\/contact_gallery1.jpg'><img fetchpriority=\"high\" decoding=\"async\" width=\"470\" height=\"468\" src=\"https:\/\/sarahkriemler.design\/wp-content\/uploads\/2023\/11\/contact_gallery1.jpg\" class=\"attachment-full size-full\" alt=\"\" srcset=\"https:\/\/sarahkriemler.design\/wp-content\/uploads\/2023\/11\/contact_gallery1.jpg 470w, https:\/\/sarahkriemler.design\/wp-content\/uploads\/2023\/11\/contact_gallery1-300x300.jpg 300w, https:\/\/sarahkriemler.design\/wp-content\/uploads\/2023\/11\/contact_gallery1-150x150.jpg 150w\" sizes=\"(max-width: 470px) 100vw, 470px\" \/><\/a>\n\t\t\t<\/div><\/figure><figure class='gallery-item'>\n\t\t\t<div class='gallery-icon landscape'>\n\t\t\t\t<a data-elementor-open-lightbox=\"yes\" data-elementor-lightbox-slideshow=\"107b26bf\" data-elementor-lightbox-title=\"contact_gallery2.jpg\" data-e-action-hash=\"#elementor-action%3Aaction%3Dlightbox%26settings%3DeyJpZCI6OTQsInVybCI6Imh0dHBzOlwvXC9zYXJhaGtyaWVtbGVyLmRlc2lnblwvd3AtY29udGVudFwvdXBsb2Fkc1wvMjAyM1wvMTFcL2NvbnRhY3RfZ2FsbGVyeTIuanBnIiwic2xpZGVzaG93IjoiMTA3YjI2YmYifQ%3D%3D\" href='https:\/\/sarahkriemler.design\/wp-content\/uploads\/2023\/11\/contact_gallery2.jpg'><img decoding=\"async\" width=\"470\" height=\"468\" src=\"https:\/\/sarahkriemler.design\/wp-content\/uploads\/2023\/11\/contact_gallery2.jpg\" class=\"attachment-full size-full\" alt=\"\" srcset=\"https:\/\/sarahkriemler.design\/wp-content\/uploads\/2023\/11\/contact_gallery2.jpg 470w, https:\/\/sarahkriemler.design\/wp-content\/uploads\/2023\/11\/contact_gallery2-300x300.jpg 300w, https:\/\/sarahkriemler.design\/wp-content\/uploads\/2023\/11\/contact_gallery2-150x150.jpg 150w\" sizes=\"(max-width: 470px) 100vw, 470px\" \/><\/a>\n\t\t\t<\/div><\/figure><figure class='gallery-item'>\n\t\t\t<div class='gallery-icon landscape'>\n\t\t\t\t<a data-elementor-open-lightbox=\"yes\" data-elementor-lightbox-slideshow=\"107b26bf\" data-elementor-lightbox-title=\"contact_gallery3.jpg\" data-e-action-hash=\"#elementor-action%3Aaction%3Dlightbox%26settings%3DeyJpZCI6OTUsInVybCI6Imh0dHBzOlwvXC9zYXJhaGtyaWVtbGVyLmRlc2lnblwvd3AtY29udGVudFwvdXBsb2Fkc1wvMjAyM1wvMTFcL2NvbnRhY3RfZ2FsbGVyeTMuanBnIiwic2xpZGVzaG93IjoiMTA3YjI2YmYifQ%3D%3D\" href='https:\/\/sarahkriemler.design\/wp-content\/uploads\/2023\/11\/contact_gallery3.jpg'><img decoding=\"async\" width=\"470\" height=\"468\" src=\"https:\/\/sarahkriemler.design\/wp-content\/uploads\/2023\/11\/contact_gallery3.jpg\" class=\"attachment-full size-full\" alt=\"\" srcset=\"https:\/\/sarahkriemler.design\/wp-content\/uploads\/2023\/11\/contact_gallery3.jpg 470w, https:\/\/sarahkriemler.design\/wp-content\/uploads\/2023\/11\/contact_gallery3-300x300.jpg 300w, https:\/\/sarahkriemler.design\/wp-content\/uploads\/2023\/11\/contact_gallery3-150x150.jpg 150w\" sizes=\"(max-width: 470px) 100vw, 470px\" \/><\/a>\n\t\t\t<\/div><\/figure>\n\t\t<\/div>\n\t\t<\/div>\n\t\t\t\t\t\t<\/div>\n\t\t\t\t<\/div>\n\t\t\t\t\t<\/div>\n\t\t\t\t<\/div>\n\t\t\t\t<\/div>\n\t\t","protected":false},"excerpt":{"rendered":"<p>I\u2019d love to hear from you Ich freue mich darauf, von Dir zu h\u00f6ren und stehe gerne f\u00fcr Fragen zur Verf\u00fcgung. Ich werde versuchen, so schnell wie m\u00f6glich zu antworten. ADRESSE: 4600 Olten, Switzerland EMAIL: hello@sarahkriemler.design<\/p>\n","protected":false},"author":1,"featured_media":0,"parent":0,"menu_order":0,"comment_status":"closed","ping_status":"closed","template":"","meta":{"footnotes":""},"class_list":["post-92","page","type-page","status-publish","hentry"],"_links":{"self":[{"href":"https:\/\/sarahkriemler.design\/index.php\/wp-json\/wp\/v2\/pages\/92","targetHints":{"allow":["GET"]}}],"collection":[{"href":"https:\/\/sarahkriemler.design\/index.php\/wp-json\/wp\/v2\/pages"}],"about":[{"href":"https:\/\/sarahkriemler.design\/index.php\/wp-json\/wp\/v2\/types\/page"}],"author":[{"embeddable":true,"href":"https:\/\/sarahkriemler.design\/index.php\/wp-json\/wp\/v2\/users\/1"}],"replies":[{"embeddable":true,"href":"https:\/\/sarahkriemler.design\/index.php\/wp-json\/wp\/v2\/comments?post=92"}],"version-history":[{"count":40,"href":"https:\/\/sarahkriemler.design\/index.php\/wp-json\/wp\/v2\/pages\/92\/revisions"}],"predecessor-version":[{"id":687,"href":"https:\/\/sarahkriemler.design\/index.php\/wp-json\/wp\/v2\/pages\/92\/revisions\/687"}],"wp:attachment":[{"href":"https:\/\/sarahkriemler.design\/index.php\/wp-json\/wp\/v2\/media?parent=92"}],"curies":[{"name":"wp","href":"https:\/\/api.w.org\/{rel}","templated":true}]}}